{"id":136,"date":"2020-01-23T14:21:11","date_gmt":"2020-01-23T13:21:11","guid":{"rendered":"http:\/\/miroslavbeinhauer.com\/?page_id=136"},"modified":"2026-03-31T13:33:22","modified_gmt":"2026-03-31T11:33:22","slug":"bio-2","status":"publish","type":"page","link":"https:\/\/miroslavbeinhauer.com\/","title":{"rendered":"BIO"},"content":{"rendered":"<p style=\"text-align: justify;\"><span style=\"font-size: 14pt;\">Miroslav Beinhauer (*1993) se jako\u017eto klav\u00edrista a hr\u00e1\u010d na \u0161estinot\u00f3nov\u00e9 harmonium zam\u011b\u0159uje na soudobou hudbu a hudbu 20. stolet\u00ed. Spolupracuje se skladateli jako nap\u0159. Phill Niblock, Klaus Lang, Bernhard Lang, Georg Friedrich Haas, Marc Sabat, Adri\u00e1n Demo\u010d nebo Petr Bakla, z\u00fa\u010dastnil se festival\u016f v Evrop\u011b i USA jako nap\u0159. musikprotokoll, Sanatorium od Sound, Sound Plasma Festival, Struny podzimu, Ostravsk\u00e9 dny, Moravsk\u00fd podzim, Jan\u00e1\u010dek Brno, Hudebn\u00ed f\u00f3rum Hradec Kr\u00e1lov\u00e9, MusicOlomouc, Festival Konvergencie, MicroFest nebo Gentse Feesten a vystoupil s orchestry a ans\u00e1mbly v\u010detn\u011b PKF &#8211; Prague Philharmonia, Filharmonie Brno, Jan\u00e1\u010dkovy Filharmonie Ostrava, Filharmonie Hradec Kr\u00e1lov\u00e9, Moravsk\u00e9 filharmonie Olomouc, Brno Contemporary Orchestra, S.E.M Ensemble, Ensemble for New Music Tallinn, Kub\u00ednova kvarteta, Prague Quiet Music Collective nebo String Noise. <\/span><\/p>\n<p style=\"text-align: justify;\"><span style=\"font-size: 14pt;\">Mezi jeho v\u00fdznamn\u00e1 proveden\u00ed pat\u0159\u00ed <em>Klav\u00edrn\u00ed koncert \u010d. 2<\/em> Magnuse Lindberga (dirigent Heiko Mathias F\u00f6rster), Klav\u00edrn\u00ed koncert <em>&#8222;Must the Devil Have All the Good Tunes?&#8220;<\/em> Johna Adamse (dirigent Andreas Sebastian Weiser) nebo <em>Klav\u00edrn\u00ed koncert<\/em> Esa-Pekky Salonena (dirigent Marko Ivanovi\u0107). Beinhauer je tak\u00e9 vyhled\u00e1van\u00fdm komorn\u00edm hr\u00e1\u010dem, je \u010dlenem Ostravsk\u00e9 Bandy (spolupr\u00e1ce s dirigenty jako Bruno Ferrandis, Johannes Kalitzke, Petr Kot\u00edk, Ji\u0159\u00ed Ro\u017ee\u0148 nebo Owen Underhill). V posledn\u00ed letech se pod\u00edlel na n\u011bkolika studiov\u00fdch nahr\u00e1vk\u00e1ch v\u010detn\u011b CD se skladbami Aloise H\u00e1by, Petra Bakly, Franti\u0161ka Chaloupky, Adri\u00e1na Demo\u010de a Milana Kn\u00ed\u017e\u00e1ka \u010di dvou CD se skladbami pro \u0161estinot\u00f3nov\u00e9 harmonium. Pravideln\u011b tak\u00e9 nat\u00e1\u010d\u00ed pro \u010cesk\u00fd rozhlas.<\/span><\/p>\n<p style=\"text-align: justify;\"><span style=\"font-size: 14pt;\">Miroslav Beinhauer je jedin\u00fdm na sv\u011bt\u011b, kdo dok\u00e1\u017ee hr\u00e1t na unik\u00e1tn\u00ed \u0161estinot\u00f3nov\u00e9 harmonium Aloise H\u00e1by. Jeho z\u00e1jem o tento n\u00e1stroj za\u010dal v\u00a0roce 2018 premi\u00e9rou H\u00e1bovy \u0161estinot\u00f3nov\u00e9 opery <em>P\u0159ij\u010f kr\u00e1lovstv\u00ed Tv\u00e9<\/em>, pokra\u010doval premi\u00e9rov\u00fdm nastudov\u00e1n\u00edm a nahr\u00e1n\u00edm jedin\u00e9ho s\u00f3lov\u00e9ho opusu pro tento n\u00e1stroj &#8211; <em>\u0160est skladeb pro \u0161estinot\u00f3nov\u00e9 harmonium op. 37<\/em>. Od t\u00e9 doby vznik\u00e1 nov\u00fd reperto\u00e1r pro \u0161estinot\u00f3nov\u00e9 harmonium od skladatel\u016f jako nap\u0159. Phill Niblock, Bernhard Lang, Klaus Lang, Marc Sabat, Georg Friedrich Haas, Arash Yazdani aj.<\/span><\/p>\n<p style=\"text-align: justify;\"><span style=\"font-size: 14pt;\">Miroslav Beinhauer studoval na Jan\u00e1\u010dkov\u011b akademii m\u00fazick\u00fdch um\u011bn\u00ed v\u00a0Brn\u011b u Heleny Weiser, na Universit\u00e4t f\u00fcr Musik und darstellende Kunst ve V\u00eddni, kde byl jeho profesorem Jan Jiracek von Arnim a na Royal Conservatory v Gentu u Daana Vandewalleho.<\/span><\/p>\n","protected":false},"excerpt":{"rendered":"<p>Miroslav Beinhauer (*1993) se jako\u017eto klav\u00edrista a hr\u00e1\u010d na \u0161estinot\u00f3nov\u00e9 harmonium zam\u011b\u0159uje na soudobou hudbu a hudbu 20. stolet\u00ed. Spolupracuje se skladateli jako nap\u0159. Phill Niblock, Klaus Lang, Bernhard Lang, Georg Friedrich Haas, Marc Sabat, Adri\u00e1n Demo\u010d nebo Petr Bakla, z\u00fa\u010dastnil se festival\u016f v Evrop\u011b i USA jako nap\u0159. musikprotokoll, Sanatorium od Sound, Sound Plasma &hellip; <\/p>\n<p class=\"link-more\"><a href=\"https:\/\/miroslavbeinhauer.com\/\" class=\"more-link\">Pokra\u010dovat ve \u010dten\u00ed<span class=\"screen-reader-text\"> &#8222;BIO&#8220;<\/span><\/a><\/p>\n","protected":false},"author":1,"featured_media":0,"parent":0,"menu_order":0,"comment_status":"closed","ping_status":"closed","template":"","meta":{"footnotes":""},"class_list":["post-136","page","type-page","status-publish","hentry"],"yoast_head":"<!-- This site is optimized with the Yoast SEO plugin v27.4 - https:\/\/yoast.com\/product\/yoast-seo-wordpress\/ -->\n<title>BIO - Miroslav Beinhauer<\/title>\n<meta name=\"robots\" content=\"index, follow, max-snippet:-1, max-image-preview:large, max-video-preview:-1\" \/>\n<link rel=\"canonical\" href=\"https:\/\/miroslavbeinhauer.com\/\" \/>\n<meta property=\"og:locale\" content=\"cs_CZ\" \/>\n<meta property=\"og:type\" content=\"article\" \/>\n<meta property=\"og:title\" content=\"BIO - Miroslav Beinhauer\" \/>\n<meta property=\"og:description\" content=\"Miroslav Beinhauer (*1993) se jako\u017eto klav\u00edrista a hr\u00e1\u010d na \u0161estinot\u00f3nov\u00e9 harmonium zam\u011b\u0159uje na soudobou hudbu a hudbu 20. stolet\u00ed. Spolupracuje se skladateli jako nap\u0159. Phill Niblock, Klaus Lang, Bernhard Lang, Georg Friedrich Haas, Marc Sabat, Adri\u00e1n Demo\u010d nebo Petr Bakla, z\u00fa\u010dastnil se festival\u016f v Evrop\u011b i USA jako nap\u0159. musikprotokoll, Sanatorium od Sound, Sound Plasma &hellip; Pokra\u010dovat ve \u010dten\u00ed &quot;BIO&quot;\" \/>\n<meta property=\"og:url\" content=\"https:\/\/miroslavbeinhauer.com\/\" \/>\n<meta property=\"og:site_name\" content=\"Miroslav Beinhauer\" \/>\n<meta property=\"article:modified_time\" content=\"2026-03-31T11:33:22+00:00\" \/>\n<meta name=\"twitter:card\" content=\"summary_large_image\" \/>\n<meta name=\"twitter:label1\" content=\"Odhadovan\u00e1 doba \u010dten\u00ed\" \/>\n\t<meta name=\"twitter:data1\" content=\"2 minuty\" \/>\n<script type=\"application\/ld+json\" class=\"yoast-schema-graph\">{\"@context\":\"https:\\\/\\\/schema.org\",\"@graph\":[{\"@type\":\"WebPage\",\"@id\":\"https:\\\/\\\/miroslavbeinhauer.com\\\/\",\"url\":\"https:\\\/\\\/miroslavbeinhauer.com\\\/\",\"name\":\"BIO - Miroslav Beinhauer\",\"isPartOf\":{\"@id\":\"https:\\\/\\\/miroslavbeinhauer.com\\\/#website\"},\"datePublished\":\"2020-01-23T13:21:11+00:00\",\"dateModified\":\"2026-03-31T11:33:22+00:00\",\"breadcrumb\":{\"@id\":\"https:\\\/\\\/miroslavbeinhauer.com\\\/#breadcrumb\"},\"inLanguage\":\"cs\",\"potentialAction\":[{\"@type\":\"ReadAction\",\"target\":[\"https:\\\/\\\/miroslavbeinhauer.com\\\/\"]}]},{\"@type\":\"BreadcrumbList\",\"@id\":\"https:\\\/\\\/miroslavbeinhauer.com\\\/#breadcrumb\",\"itemListElement\":[{\"@type\":\"ListItem\",\"position\":1,\"name\":\"Dom\u016f\",\"item\":\"https:\\\/\\\/miroslavbeinhauer.com\\\/\"},{\"@type\":\"ListItem\",\"position\":2,\"name\":\"BIO\"}]},{\"@type\":\"WebSite\",\"@id\":\"https:\\\/\\\/miroslavbeinhauer.com\\\/#website\",\"url\":\"https:\\\/\\\/miroslavbeinhauer.com\\\/\",\"name\":\"Miroslav Beinhauer\",\"description\":\"Classical music pianist * Chamber musician * Sixth-tone harmonium player\",\"potentialAction\":[{\"@type\":\"SearchAction\",\"target\":{\"@type\":\"EntryPoint\",\"urlTemplate\":\"https:\\\/\\\/miroslavbeinhauer.com\\\/?s={search_term_string}\"},\"query-input\":{\"@type\":\"PropertyValueSpecification\",\"valueRequired\":true,\"valueName\":\"search_term_string\"}}],\"inLanguage\":\"cs\"}]}<\/script>\n<!-- \/ Yoast SEO plugin. -->","yoast_head_json":{"title":"BIO - Miroslav Beinhauer","robots":{"index":"index","follow":"follow","max-snippet":"max-snippet:-1","max-image-preview":"max-image-preview:large","max-video-preview":"max-video-preview:-1"},"canonical":"https:\/\/miroslavbeinhauer.com\/","og_locale":"cs_CZ","og_type":"article","og_title":"BIO - Miroslav Beinhauer","og_description":"Miroslav Beinhauer (*1993) se jako\u017eto klav\u00edrista a hr\u00e1\u010d na \u0161estinot\u00f3nov\u00e9 harmonium zam\u011b\u0159uje na soudobou hudbu a hudbu 20. stolet\u00ed. Spolupracuje se skladateli jako nap\u0159. Phill Niblock, Klaus Lang, Bernhard Lang, Georg Friedrich Haas, Marc Sabat, Adri\u00e1n Demo\u010d nebo Petr Bakla, z\u00fa\u010dastnil se festival\u016f v Evrop\u011b i USA jako nap\u0159. musikprotokoll, Sanatorium od Sound, Sound Plasma &hellip; Pokra\u010dovat ve \u010dten\u00ed \"BIO\"","og_url":"https:\/\/miroslavbeinhauer.com\/","og_site_name":"Miroslav Beinhauer","article_modified_time":"2026-03-31T11:33:22+00:00","twitter_card":"summary_large_image","twitter_misc":{"Odhadovan\u00e1 doba \u010dten\u00ed":"2 minuty"},"schema":{"@context":"https:\/\/schema.org","@graph":[{"@type":"WebPage","@id":"https:\/\/miroslavbeinhauer.com\/","url":"https:\/\/miroslavbeinhauer.com\/","name":"BIO - Miroslav Beinhauer","isPartOf":{"@id":"https:\/\/miroslavbeinhauer.com\/#website"},"datePublished":"2020-01-23T13:21:11+00:00","dateModified":"2026-03-31T11:33:22+00:00","breadcrumb":{"@id":"https:\/\/miroslavbeinhauer.com\/#breadcrumb"},"inLanguage":"cs","potentialAction":[{"@type":"ReadAction","target":["https:\/\/miroslavbeinhauer.com\/"]}]},{"@type":"BreadcrumbList","@id":"https:\/\/miroslavbeinhauer.com\/#breadcrumb","itemListElement":[{"@type":"ListItem","position":1,"name":"Dom\u016f","item":"https:\/\/miroslavbeinhauer.com\/"},{"@type":"ListItem","position":2,"name":"BIO"}]},{"@type":"WebSite","@id":"https:\/\/miroslavbeinhauer.com\/#website","url":"https:\/\/miroslavbeinhauer.com\/","name":"Miroslav Beinhauer","description":"Classical music pianist * Chamber musician * Sixth-tone harmonium player","potentialAction":[{"@type":"SearchAction","target":{"@type":"EntryPoint","urlTemplate":"https:\/\/miroslavbeinhauer.com\/?s={search_term_string}"},"query-input":{"@type":"PropertyValueSpecification","valueRequired":true,"valueName":"search_term_string"}}],"inLanguage":"cs"}]}},"_links":{"self":[{"href":"https:\/\/miroslavbeinhauer.com\/index.php?rest_route=\/wp\/v2\/pages\/136","targetHints":{"allow":["GET"]}}],"collection":[{"href":"https:\/\/miroslavbeinhauer.com\/index.php?rest_route=\/wp\/v2\/pages"}],"about":[{"href":"https:\/\/miroslavbeinhauer.com\/index.php?rest_route=\/wp\/v2\/types\/page"}],"author":[{"embeddable":true,"href":"https:\/\/miroslavbeinhauer.com\/index.php?rest_route=\/wp\/v2\/users\/1"}],"replies":[{"embeddable":true,"href":"https:\/\/miroslavbeinhauer.com\/index.php?rest_route=%2Fwp%2Fv2%2Fcomments&post=136"}],"version-history":[{"count":18,"href":"https:\/\/miroslavbeinhauer.com\/index.php?rest_route=\/wp\/v2\/pages\/136\/revisions"}],"predecessor-version":[{"id":449,"href":"https:\/\/miroslavbeinhauer.com\/index.php?rest_route=\/wp\/v2\/pages\/136\/revisions\/449"}],"wp:attachment":[{"href":"https:\/\/miroslavbeinhauer.com\/index.php?rest_route=%2Fwp%2Fv2%2Fmedia&parent=136"}],"curies":[{"name":"wp","href":"https:\/\/api.w.org\/{rel}","templated":true}]}}