{"id":10,"date":"2020-01-21T16:48:09","date_gmt":"2020-01-21T15:48:09","guid":{"rendered":"http:\/\/miroslavbeinhauer.com\/?page_id=10"},"modified":"2023-05-02T21:36:28","modified_gmt":"2023-05-02T19:36:28","slug":"kontakt","status":"publish","type":"page","link":"https:\/\/miroslavbeinhauer.com\/?page_id=10","title":{"rendered":"KONTAKT"},"content":{"rendered":"\r\n<p><span style=\"font-size: 14pt;\"><strong>MAIL:<\/strong> bein.mir@gmail.com<\/span><\/p>\r\n<p><span style=\"font-size: 14pt;\">\r\n\r\n<\/span><\/p>\r\n<p><span style=\"font-size: 14pt;\"><strong>TEL:<\/strong> +420 720 446 013<\/span><\/p>\r\n<p><a href=\"https:\/\/www.facebook.com\/miroslav.beinhauer\"><img loading=\"lazy\" decoding=\"async\" class=\"alignnone  wp-image-162\" src=\"https:\/\/miroslavbeinhauer.com\/wp-content\/uploads\/2020\/01\/facebook-300x300.png\" alt=\"\" width=\"60\" height=\"60\" srcset=\"https:\/\/miroslavbeinhauer.com\/wp-content\/uploads\/2020\/01\/facebook-300x300.png 300w, https:\/\/miroslavbeinhauer.com\/wp-content\/uploads\/2020\/01\/facebook-150x150.png 150w, https:\/\/miroslavbeinhauer.com\/wp-content\/uploads\/2020\/01\/facebook-768x768.png 768w, https:\/\/miroslavbeinhauer.com\/wp-content\/uploads\/2020\/01\/facebook-100x100.png 100w, https:\/\/miroslavbeinhauer.com\/wp-content\/uploads\/2020\/01\/facebook.png 793w\" sizes=\"auto, (max-width: 60px) 100vw, 60px\" \/><\/a>\u00a0 \u00a0 \u00a0 \u00a0 \u00a0 \u00a0 \u00a0 <a href=\"https:\/\/www.instagram.com\/miroslavbeinhauer\/\"><img loading=\"lazy\" decoding=\"async\" class=\"alignnone wp-image-322\" src=\"https:\/\/miroslavbeinhauer.com\/wp-content\/uploads\/2023\/05\/Instagram-ikona-150x150.png\" alt=\"\" width=\"59\" height=\"59\" srcset=\"https:\/\/miroslavbeinhauer.com\/wp-content\/uploads\/2023\/05\/Instagram-ikona-150x150.png 150w, https:\/\/miroslavbeinhauer.com\/wp-content\/uploads\/2023\/05\/Instagram-ikona-300x300.png 300w, https:\/\/miroslavbeinhauer.com\/wp-content\/uploads\/2023\/05\/Instagram-ikona-100x100.png 100w, https:\/\/miroslavbeinhauer.com\/wp-content\/uploads\/2023\/05\/Instagram-ikona.png 500w\" sizes=\"auto, (max-width: 59px) 100vw, 59px\" \/><\/a>\u00a0 \u00a0 \u00a0 \u00a0 \u00a0 \u00a0 \u00a0 <a href=\"https:\/\/www.youtube.com\/user\/mbpianist\"><img loading=\"lazy\" decoding=\"async\" class=\"alignnone  wp-image-170\" src=\"https:\/\/miroslavbeinhauer.com\/wp-content\/uploads\/2020\/01\/you2-300x300.png\" alt=\"\" width=\"60\" height=\"60\" srcset=\"https:\/\/miroslavbeinhauer.com\/wp-content\/uploads\/2020\/01\/you2-300x300.png 300w, https:\/\/miroslavbeinhauer.com\/wp-content\/uploads\/2020\/01\/you2-150x150.png 150w, https:\/\/miroslavbeinhauer.com\/wp-content\/uploads\/2020\/01\/you2-768x768.png 768w, https:\/\/miroslavbeinhauer.com\/wp-content\/uploads\/2020\/01\/you2-100x100.png 100w, https:\/\/miroslavbeinhauer.com\/wp-content\/uploads\/2020\/01\/you2.png 1000w\" sizes=\"auto, (max-width: 60px) 100vw, 60px\" \/><\/a><\/p>\r\n","protected":false},"excerpt":{"rendered":"<p>MAIL: bein.mir@gmail.com TEL: +420 720 446 013 \u00a0 \u00a0 \u00a0 \u00a0 \u00a0 \u00a0 \u00a0 \u00a0 \u00a0 \u00a0 \u00a0 \u00a0 \u00a0 \u00a0<\/p>\n","protected":false},"author":1,"featured_media":0,"parent":0,"menu_order":0,"comment_status":"closed","ping_status":"closed","template":"","meta":{"footnotes":""},"class_list":["post-10","page","type-page","status-publish","hentry"],"yoast_head":"<!-- This site is optimized with the Yoast SEO plugin v27.5 - https:\/\/yoast.com\/product\/yoast-seo-wordpress\/ -->\n<title>KONTAKT - Miroslav Beinhauer<\/title>\n<meta name=\"robots\" content=\"index, follow, max-snippet:-1, max-image-preview:large, max-video-preview:-1\" \/>\n<link rel=\"canonical\" href=\"https:\/\/miroslavbeinhauer.com\/?page_id=10\" \/>\n<meta property=\"og:locale\" content=\"cs_CZ\" \/>\n<meta property=\"og:type\" content=\"article\" \/>\n<meta property=\"og:title\" content=\"KONTAKT - Miroslav Beinhauer\" \/>\n<meta property=\"og:description\" content=\"MAIL: bein.mir@gmail.com TEL: +420 720 446 013 \u00a0 \u00a0 \u00a0 \u00a0 \u00a0 \u00a0 \u00a0 \u00a0 \u00a0 \u00a0 \u00a0 \u00a0 \u00a0 \u00a0\" \/>\n<meta property=\"og:url\" content=\"https:\/\/miroslavbeinhauer.com\/?page_id=10\" \/>\n<meta property=\"og:site_name\" content=\"Miroslav Beinhauer\" \/>\n<meta property=\"article:modified_time\" content=\"2023-05-02T19:36:28+00:00\" \/>\n<meta property=\"og:image\" content=\"http:\/\/miroslavbeinhauer.com\/wp-content\/uploads\/2020\/01\/facebook-300x300.png\" \/>\n<meta name=\"twitter:card\" content=\"summary_large_image\" \/>\n<meta name=\"twitter:label1\" content=\"Odhadovan\u00e1 doba \u010dten\u00ed\" \/>\n\t<meta name=\"twitter:data1\" content=\"1 minuta\" \/>\n<script type=\"application\/ld+json\" class=\"yoast-schema-graph\">{\"@context\":\"https:\\\/\\\/schema.org\",\"@graph\":[{\"@type\":\"WebPage\",\"@id\":\"https:\\\/\\\/miroslavbeinhauer.com\\\/?page_id=10\",\"url\":\"https:\\\/\\\/miroslavbeinhauer.com\\\/?page_id=10\",\"name\":\"KONTAKT - Miroslav Beinhauer\",\"isPartOf\":{\"@id\":\"https:\\\/\\\/miroslavbeinhauer.com\\\/#website\"},\"primaryImageOfPage\":{\"@id\":\"https:\\\/\\\/miroslavbeinhauer.com\\\/?page_id=10#primaryimage\"},\"image\":{\"@id\":\"https:\\\/\\\/miroslavbeinhauer.com\\\/?page_id=10#primaryimage\"},\"thumbnailUrl\":\"http:\\\/\\\/miroslavbeinhauer.com\\\/wp-content\\\/uploads\\\/2020\\\/01\\\/facebook-300x300.png\",\"datePublished\":\"2020-01-21T15:48:09+00:00\",\"dateModified\":\"2023-05-02T19:36:28+00:00\",\"breadcrumb\":{\"@id\":\"https:\\\/\\\/miroslavbeinhauer.com\\\/?page_id=10#breadcrumb\"},\"inLanguage\":\"cs\",\"potentialAction\":[{\"@type\":\"ReadAction\",\"target\":[\"https:\\\/\\\/miroslavbeinhauer.com\\\/?page_id=10\"]}]},{\"@type\":\"ImageObject\",\"inLanguage\":\"cs\",\"@id\":\"https:\\\/\\\/miroslavbeinhauer.com\\\/?page_id=10#primaryimage\",\"url\":\"http:\\\/\\\/miroslavbeinhauer.com\\\/wp-content\\\/uploads\\\/2020\\\/01\\\/facebook-300x300.png\",\"contentUrl\":\"http:\\\/\\\/miroslavbeinhauer.com\\\/wp-content\\\/uploads\\\/2020\\\/01\\\/facebook-300x300.png\"},{\"@type\":\"BreadcrumbList\",\"@id\":\"https:\\\/\\\/miroslavbeinhauer.com\\\/?page_id=10#breadcrumb\",\"itemListElement\":[{\"@type\":\"ListItem\",\"position\":1,\"name\":\"Dom\u016f\",\"item\":\"https:\\\/\\\/miroslavbeinhauer.com\\\/\"},{\"@type\":\"ListItem\",\"position\":2,\"name\":\"KONTAKT\"}]},{\"@type\":\"WebSite\",\"@id\":\"https:\\\/\\\/miroslavbeinhauer.com\\\/#website\",\"url\":\"https:\\\/\\\/miroslavbeinhauer.com\\\/\",\"name\":\"Miroslav Beinhauer\",\"description\":\"Classical music pianist * Chamber musician * Sixth-tone harmonium player\",\"potentialAction\":[{\"@type\":\"SearchAction\",\"target\":{\"@type\":\"EntryPoint\",\"urlTemplate\":\"https:\\\/\\\/miroslavbeinhauer.com\\\/?s={search_term_string}\"},\"query-input\":{\"@type\":\"PropertyValueSpecification\",\"valueRequired\":true,\"valueName\":\"search_term_string\"}}],\"inLanguage\":\"cs\"}]}<\/script>\n<!-- \/ Yoast SEO plugin. -->","yoast_head_json":{"title":"KONTAKT - Miroslav Beinhauer","robots":{"index":"index","follow":"follow","max-snippet":"max-snippet:-1","max-image-preview":"max-image-preview:large","max-video-preview":"max-video-preview:-1"},"canonical":"https:\/\/miroslavbeinhauer.com\/?page_id=10","og_locale":"cs_CZ","og_type":"article","og_title":"KONTAKT - Miroslav Beinhauer","og_description":"MAIL: bein.mir@gmail.com TEL: +420 720 446 013 \u00a0 \u00a0 \u00a0 \u00a0 \u00a0 \u00a0 \u00a0 \u00a0 \u00a0 \u00a0 \u00a0 \u00a0 \u00a0 \u00a0","og_url":"https:\/\/miroslavbeinhauer.com\/?page_id=10","og_site_name":"Miroslav Beinhauer","article_modified_time":"2023-05-02T19:36:28+00:00","og_image":[{"url":"http:\/\/miroslavbeinhauer.com\/wp-content\/uploads\/2020\/01\/facebook-300x300.png","type":"","width":"","height":""}],"twitter_card":"summary_large_image","twitter_misc":{"Odhadovan\u00e1 doba \u010dten\u00ed":"1 minuta"},"schema":{"@context":"https:\/\/schema.org","@graph":[{"@type":"WebPage","@id":"https:\/\/miroslavbeinhauer.com\/?page_id=10","url":"https:\/\/miroslavbeinhauer.com\/?page_id=10","name":"KONTAKT - Miroslav Beinhauer","isPartOf":{"@id":"https:\/\/miroslavbeinhauer.com\/#website"},"primaryImageOfPage":{"@id":"https:\/\/miroslavbeinhauer.com\/?page_id=10#primaryimage"},"image":{"@id":"https:\/\/miroslavbeinhauer.com\/?page_id=10#primaryimage"},"thumbnailUrl":"http:\/\/miroslavbeinhauer.com\/wp-content\/uploads\/2020\/01\/facebook-300x300.png","datePublished":"2020-01-21T15:48:09+00:00","dateModified":"2023-05-02T19:36:28+00:00","breadcrumb":{"@id":"https:\/\/miroslavbeinhauer.com\/?page_id=10#breadcrumb"},"inLanguage":"cs","potentialAction":[{"@type":"ReadAction","target":["https:\/\/miroslavbeinhauer.com\/?page_id=10"]}]},{"@type":"ImageObject","inLanguage":"cs","@id":"https:\/\/miroslavbeinhauer.com\/?page_id=10#primaryimage","url":"http:\/\/miroslavbeinhauer.com\/wp-content\/uploads\/2020\/01\/facebook-300x300.png","contentUrl":"http:\/\/miroslavbeinhauer.com\/wp-content\/uploads\/2020\/01\/facebook-300x300.png"},{"@type":"BreadcrumbList","@id":"https:\/\/miroslavbeinhauer.com\/?page_id=10#breadcrumb","itemListElement":[{"@type":"ListItem","position":1,"name":"Dom\u016f","item":"https:\/\/miroslavbeinhauer.com\/"},{"@type":"ListItem","position":2,"name":"KONTAKT"}]},{"@type":"WebSite","@id":"https:\/\/miroslavbeinhauer.com\/#website","url":"https:\/\/miroslavbeinhauer.com\/","name":"Miroslav Beinhauer","description":"Classical music pianist * Chamber musician * Sixth-tone harmonium player","potentialAction":[{"@type":"SearchAction","target":{"@type":"EntryPoint","urlTemplate":"https:\/\/miroslavbeinhauer.com\/?s={search_term_string}"},"query-input":{"@type":"PropertyValueSpecification","valueRequired":true,"valueName":"search_term_string"}}],"inLanguage":"cs"}]}},"_links":{"self":[{"href":"https:\/\/miroslavbeinhauer.com\/index.php?rest_route=\/wp\/v2\/pages\/10","targetHints":{"allow":["GET"]}}],"collection":[{"href":"https:\/\/miroslavbeinhauer.com\/index.php?rest_route=\/wp\/v2\/pages"}],"about":[{"href":"https:\/\/miroslavbeinhauer.com\/index.php?rest_route=\/wp\/v2\/types\/page"}],"author":[{"embeddable":true,"href":"https:\/\/miroslavbeinhauer.com\/index.php?rest_route=\/wp\/v2\/users\/1"}],"replies":[{"embeddable":true,"href":"https:\/\/miroslavbeinhauer.com\/index.php?rest_route=%2Fwp%2Fv2%2Fcomments&post=10"}],"version-history":[{"count":13,"href":"https:\/\/miroslavbeinhauer.com\/index.php?rest_route=\/wp\/v2\/pages\/10\/revisions"}],"predecessor-version":[{"id":323,"href":"https:\/\/miroslavbeinhauer.com\/index.php?rest_route=\/wp\/v2\/pages\/10\/revisions\/323"}],"wp:attachment":[{"href":"https:\/\/miroslavbeinhauer.com\/index.php?rest_route=%2Fwp%2Fv2%2Fmedia&parent=10"}],"curies":[{"name":"wp","href":"https:\/\/api.w.org\/{rel}","templated":true}]}}